{"id":1947,"date":"2026-04-05T19:18:08","date_gmt":"2026-04-05T19:18:08","guid":{"rendered":"https:\/\/iticse.acm.org\/2026\/?page_id=1947"},"modified":"2026-04-07T09:40:10","modified_gmt":"2026-04-07T09:40:10","slug":"venue-and-reception-2","status":"publish","type":"page","link":"https:\/\/iticse.acm.org\/2026\/venue-and-reception-2\/","title":{"rendered":"Reception, Excursion, and Banquet"},"content":{"rendered":"\n<h2 class=\"wp-block-heading\">Reception<\/h2>\n\n\n\n<div class=\"wp-block-group is-content-justification-left is-nowrap is-layout-flex wp-container-core-group-is-layout-f56a869c wp-block-group-is-layout-flex\">\n<p>The opening reception will be held at Vic\u00e1lvaro Campus on Monday 13 July after the last paper session. You are warmly welcome to join us for drinks and snacks. Reception is included in the conference fee, but to avoid food waste, we hope you will indicate your participation in the registration form.<\/p>\n\n\n\n<figure class=\"wp-block-image size-full wp-container-content-ee6ab32d\"><img loading=\"lazy\" decoding=\"async\" width=\"800\" height=\"718\" src=\"https:\/\/iticse.acm.org\/2026\/wp-content\/uploads\/2026\/04\/Campus-de-Vicalvaro-foto.jpg\" alt=\"\" class=\"wp-image-1948\" srcset=\"https:\/\/iticse.acm.org\/2026\/wp-content\/uploads\/2026\/04\/Campus-de-Vicalvaro-foto.jpg 800w, https:\/\/iticse.acm.org\/2026\/wp-content\/uploads\/2026\/04\/Campus-de-Vicalvaro-foto-300x269.jpg 300w, https:\/\/iticse.acm.org\/2026\/wp-content\/uploads\/2026\/04\/Campus-de-Vicalvaro-foto-768x689.jpg 768w\" sizes=\"auto, (max-width: 800px) 100vw, 800px\" \/><\/figure>\n<\/div>\n\n\n\n<h2 class=\"wp-block-heading\">Excursion<\/h2>\n\n\n\n<div class=\"wp-block-group is-content-justification-left is-nowrap is-layout-flex wp-container-core-group-is-layout-f56a869c wp-block-group-is-layout-flex\">\n<p class=\"wp-container-content-ee6ab32d\">The ITiCSE excursion will be on Tuesday 14 July. We will go to El Museo del Prado. One of the most important art museums in the world, hosting paintings by Fra Angelico, Bosch, D\u00fcrer, El Greco, Rubens, Rembrandt, Tiziano, Vel\u00e1zquez and Goya, among others. The Prado and the nearby Thyssen-Bornemisza Museum and the Museo Reina Sof\u00eda form Madrid\u2019s Golden Triangle of Art along the Paseo del Prado, which was included in the UNESCO World Heritage list in 2021.<\/p>\n\n\n\n<figure class=\"wp-block-image size-full\"><img loading=\"lazy\" decoding=\"async\" width=\"1600\" height=\"1066\" src=\"https:\/\/iticse.acm.org\/2026\/wp-content\/uploads\/2026\/04\/Museo-del-Prado-exterior.jpg\" alt=\"\" class=\"wp-image-1949\" srcset=\"https:\/\/iticse.acm.org\/2026\/wp-content\/uploads\/2026\/04\/Museo-del-Prado-exterior.jpg 1600w, https:\/\/iticse.acm.org\/2026\/wp-content\/uploads\/2026\/04\/Museo-del-Prado-exterior-300x200.jpg 300w, https:\/\/iticse.acm.org\/2026\/wp-content\/uploads\/2026\/04\/Museo-del-Prado-exterior-1024x682.jpg 1024w, https:\/\/iticse.acm.org\/2026\/wp-content\/uploads\/2026\/04\/Museo-del-Prado-exterior-768x512.jpg 768w, https:\/\/iticse.acm.org\/2026\/wp-content\/uploads\/2026\/04\/Museo-del-Prado-exterior-1536x1023.jpg 1536w, https:\/\/iticse.acm.org\/2026\/wp-content\/uploads\/2026\/04\/Museo-del-Prado-exterior-930x620.jpg 930w\" sizes=\"auto, (max-width: 1600px) 100vw, 1600px\" \/><\/figure>\n<\/div>\n\n\n\n<div style=\"height:13px\" aria-hidden=\"true\" class=\"wp-block-spacer\"><\/div>\n\n\n\n<p>The main building was designed in 1785 by architect Juan de Villanueva on the orders of Carlos III to house the Natural History Cabinet. Nonetheless, it was later converted into a new Royal Museum of Paintings and Sculptures, being opened to the public for the first time in November 1819. It was initially created with aim of showing the works of art belonging to the Spanish Crown. The museum experienced several renovations during the 19th and 20th centuries. For those attending the excursion, buses will depart from the university after the last paper session.<\/p>\n\n\n\n<p>For those attending the excursion, buses will depart from the university after the last paper session.<\/p>\n\n\n\n<div class=\"wp-block-group is-nowrap is-layout-flex wp-container-core-group-is-layout-ad2f72ca wp-block-group-is-layout-flex\">\n<div class=\"wp-block-group is-nowrap is-layout-flex wp-container-core-group-is-layout-ad2f72ca wp-block-group-is-layout-flex\"><\/div>\n<\/div>\n\n\n\n<figure class=\"wp-block-image size-large\"><img loading=\"lazy\" decoding=\"async\" width=\"1024\" height=\"188\" src=\"https:\/\/iticse.acm.org\/2026\/wp-content\/uploads\/2026\/04\/Museo-del-Prado-interior-1024x188.jpg\" alt=\"\" class=\"wp-image-1950\" srcset=\"https:\/\/iticse.acm.org\/2026\/wp-content\/uploads\/2026\/04\/Museo-del-Prado-interior-1024x188.jpg 1024w, https:\/\/iticse.acm.org\/2026\/wp-content\/uploads\/2026\/04\/Museo-del-Prado-interior-300x55.jpg 300w, https:\/\/iticse.acm.org\/2026\/wp-content\/uploads\/2026\/04\/Museo-del-Prado-interior-768x141.jpg 768w, https:\/\/iticse.acm.org\/2026\/wp-content\/uploads\/2026\/04\/Museo-del-Prado-interior-1536x281.jpg 1536w, https:\/\/iticse.acm.org\/2026\/wp-content\/uploads\/2026\/04\/Museo-del-Prado-interior.jpg 1600w\" sizes=\"auto, (max-width: 1024px) 100vw, 1024px\" \/><\/figure>\n\n\n\n<p><\/p>\n\n\n\n<h2 class=\"wp-block-heading\">Banquet<\/h2>\n\n\n\n<div class=\"wp-block-group is-nowrap is-layout-flex wp-container-core-group-is-layout-ad2f72ca wp-block-group-is-layout-flex\">\n<p>The ITiCSE banquet will be held at the Palacio Neptuno. It is placed very close to El Museo del Prado, at a walking distance of about 5 minutes. Dinner will start at 21:00 and will last for about one hour and a half.<br><br><\/p>\n\n\n\n<figure class=\"wp-block-image size-full is-resized wp-container-content-ee6ab32d\"><img loading=\"lazy\" decoding=\"async\" width=\"660\" height=\"335\" src=\"https:\/\/iticse.acm.org\/2026\/wp-content\/uploads\/2026\/04\/Palacio-de-Neptuno-sala-Venus.jpg\" alt=\"\" class=\"wp-image-1951\" style=\"width:819px;height:auto\" srcset=\"https:\/\/iticse.acm.org\/2026\/wp-content\/uploads\/2026\/04\/Palacio-de-Neptuno-sala-Venus.jpg 660w, https:\/\/iticse.acm.org\/2026\/wp-content\/uploads\/2026\/04\/Palacio-de-Neptuno-sala-Venus-300x152.jpg 300w\" sizes=\"auto, (max-width: 660px) 100vw, 660px\" \/><\/figure>\n<\/div>\n\n\n\n<p><\/p>\n","protected":false},"excerpt":{"rendered":"<p>Reception The opening reception will be held at Vic\u00e1lvaro Campus on Monday 13 July after the last paper session. You are warmly welcome to join us for drinks and snacks. Reception is included in the conference fee, but to avoid food waste, we hope you will indicate your participation in the registration form. Excursion The&hellip;&nbsp;<a href=\"https:\/\/iticse.acm.org\/2026\/venue-and-reception-2\/\" rel=\"bookmark\"><span class=\"screen-reader-text\">Reception, Excursion, and Banquet<\/span><\/a><\/p>\n","protected":false},"author":2,"featured_media":0,"parent":0,"menu_order":0,"comment_status":"closed","ping_status":"closed","template":"","meta":{"neve_meta_sidebar":"","neve_meta_container":"","neve_meta_enable_content_width":"","neve_meta_content_width":0,"neve_meta_title_alignment":"","neve_meta_author_avatar":"","neve_post_elements_order":"","neve_meta_disable_header":"","neve_meta_disable_footer":"","neve_meta_disable_title":"","footnotes":""},"class_list":["post-1947","page","type-page","status-publish","hentry"],"_links":{"self":[{"href":"https:\/\/iticse.acm.org\/2026\/wp-json\/wp\/v2\/pages\/1947","targetHints":{"allow":["GET"]}}],"collection":[{"href":"https:\/\/iticse.acm.org\/2026\/wp-json\/wp\/v2\/pages"}],"about":[{"href":"https:\/\/iticse.acm.org\/2026\/wp-json\/wp\/v2\/types\/page"}],"author":[{"embeddable":true,"href":"https:\/\/iticse.acm.org\/2026\/wp-json\/wp\/v2\/users\/2"}],"replies":[{"embeddable":true,"href":"https:\/\/iticse.acm.org\/2026\/wp-json\/wp\/v2\/comments?post=1947"}],"version-history":[{"count":18,"href":"https:\/\/iticse.acm.org\/2026\/wp-json\/wp\/v2\/pages\/1947\/revisions"}],"predecessor-version":[{"id":1985,"href":"https:\/\/iticse.acm.org\/2026\/wp-json\/wp\/v2\/pages\/1947\/revisions\/1985"}],"wp:attachment":[{"href":"https:\/\/iticse.acm.org\/2026\/wp-json\/wp\/v2\/media?parent=1947"}],"curies":[{"name":"wp","href":"https:\/\/api.w.org\/{rel}","templated":true}]}}