{"id":73,"date":"2021-06-22T12:15:30","date_gmt":"2021-06-22T12:15:30","guid":{"rendered":"https:\/\/iticse.acm.org\/2022\/?page_id=73"},"modified":"2022-07-13T12:49:02","modified_gmt":"2022-07-13T12:49:02","slug":"home","status":"publish","type":"page","link":"https:\/\/iticse.acm.org\/2022\/","title":{"rendered":"Welcome to ITiCSE 2022 in Dublin, Ireland"},"content":{"rendered":"\n<p class=\"has-text-align-center\"><strong>Please complete the evaluation form if you attended virtually or physically. The link is in the virtual conference platform and will also be emailed to all attendees after the conference. Your feedback is valuable and appreciated! <\/strong><\/p>\n\n\n\n<p class=\"has-text-align-center\"><span style=\"text-decoration: underline;\"><a href=\"https:\/\/iticse.ucd.ie\/moodle\/course\/view.php?id=3\">ITiCSE virtual conference platform link<\/a><\/span><\/p>\n\n\n\n<p class=\"has-text-align-center\">Use <a href=\"https:\/\/twitter.com\/search?q=%23ITiCSE2022\">#ITiCSE2022<\/a>!<\/p>\n\n\n\n<p class=\"has-text-align-center\"><a href=\"https:\/\/iticse.acm.org\/2022\/registration\/\" data-type=\"page\" data-id=\"617\"><span style=\"text-decoration: underline;\">Registration will remain open during the conference<\/span>.<\/a><\/p>\n\n\n\n<p>Proceedings now available:<\/p>\n\n\n\n<ul class=\"wp-block-list\"><li><em><a href=\"https:\/\/dl.acm.org\/doi\/proceedings\/10.1145\/3502718\"><span style=\"text-decoration: underline;\">ITiCSE &#8217;22: Proceedings of the 27th ACM Conference on on Innovation and Technology in Computer Science Education Vol.1<\/span> (keynotes; papers)<\/a> <\/em><\/li><li><span style=\"text-decoration: underline;\"><a href=\"https:\/\/dl.acm.org\/doi\/proceedings\/10.1145\/3502717\"><em><em>ITiCSE &#8217;22: Proceedings of the 27th ACM Conference on on Innovation and Technology in Computer Science Education Vol.<\/em><\/em> 2<\/a><\/span><em><a href=\"https:\/\/dl.acm.org\/doi\/proceedings\/10.1145\/3502717\"> (working group abstracts; tips, techniques and courseware; posters; doctoral consortium; panels)<\/a><\/em><\/li><\/ul>\n\n\n<div class=\"wp-block-image\">\n<figure class=\"aligncenter size-large\"><img loading=\"lazy\" decoding=\"async\" width=\"1024\" height=\"427\" src=\"https:\/\/iticse.acm.org\/2022\/wp-content\/uploads\/2021\/06\/UCD_1440x600-1024x427.jpg\" alt=\"\" class=\"wp-image-74\" srcset=\"https:\/\/iticse.acm.org\/2022\/wp-content\/uploads\/2021\/06\/UCD_1440x600-1024x427.jpg 1024w, https:\/\/iticse.acm.org\/2022\/wp-content\/uploads\/2021\/06\/UCD_1440x600-300x125.jpg 300w, https:\/\/iticse.acm.org\/2022\/wp-content\/uploads\/2021\/06\/UCD_1440x600-768x320.jpg 768w, https:\/\/iticse.acm.org\/2022\/wp-content\/uploads\/2021\/06\/UCD_1440x600.jpg 1440w\" sizes=\"auto, (max-width: 1024px) 100vw, 1024px\" \/><\/figure>\n<\/div>\n\n\n<p>F\u00e1ilte chuig an 27\u00fa comhdh\u00e1il ACM bhliant\u00fail ar Nu\u00e1la\u00edocht agus Teicneola\u00edocht san Oideachas R\u00edomheola\u00edochta (ITiCSE). T\u00e1 ITiCSE urraithe ag <a href=\"http:\/\/www.sigcse.org\">Gr\u00fapa Sainsp\u00e9ise ACM ar Oideachas R\u00edomheola\u00edochta (SIGCSE)<\/a>, i gcomhar le ACM Council Europe, agus Informatics Europe. Beidh ITiCSE 2022 ar si\u00fal i mBaile \u00c1tha Cliath, \u00c9ire, arna \u00f3st\u00e1il ag <a href=\"http:\/\/www.ucd.ie\">an gCol\u00e1iste Ollscoile, Baile \u00c1tha Cliath (UCD)<\/a>, le taca\u00edocht \u00f3 <a href=\"http:\/\/www.tudublin.ie\">Ollscoil Teicneola\u00edochta Bhaile \u00c1tha Cliath (TU Dublin)<\/a>. <\/p>\n\n\n\n<p>Welcome to the 27th annual <a href=\"http:\/\/www.acm.org\">ACM<\/a> conference on&nbsp;<em>Innovation and Technology in Computer Science Education<\/em>&nbsp;(ITiCSE). ITiCSE conference is sponsored by&nbsp;the&nbsp;<a href=\"https:\/\/sigcse.org\/\">ACM Special Interest Group on Computing Education (SIGCSE)<\/a>, in collaboration with the&nbsp;<a rel=\"noreferrer noopener\" href=\"https:\/\/europe.acm.org\/\" target=\"_blank\">ACM Europe Council<\/a>, and&nbsp;<a rel=\"noreferrer noopener\" href=\"https:\/\/www.informatics-europe.org\/\" target=\"_blank\">Informatics Europe<\/a>.&nbsp; ITiCSE 2022 will take place in Dublin, Ireland, hosted by&nbsp;<a rel=\"noreferrer noopener\" href=\"https:\/\/www.ucd.ie\/\" target=\"_blank\">University College Dublin (UCD)<\/a>, with support from the <a rel=\"noreferrer noopener\" href=\"https:\/\/www.tudublin.ie\" target=\"_blank\">Technological University of Dublin (TU Dublin)<\/a>. <\/p>\n\n\n\n<hr class=\"wp-block-separator has-css-opacity\"\/>\n\n\n\n<h2 class=\"has-text-align-center wp-block-heading\"><a href=\"https:\/\/iticse.acm.org\/2022\/attendees\/keynotes\/\">Keynote Speakers<\/a><\/h2>\n\n\n\n<div class=\"wp-block-columns is-layout-flex wp-container-core-columns-is-layout-9d6595d7 wp-block-columns-is-layout-flex\">\n<div class=\"wp-block-column is-layout-flow wp-block-column-is-layout-flow\"><div class=\"wp-block-image\">\n<figure class=\"aligncenter is-resized\"><a href=\"https:\/\/iticse.acm.org\/2022\/attendees\/keynotes\/#Elizabeth\"><img loading=\"lazy\" decoding=\"async\" src=\"https:\/\/iticse.acm.org\/2022\/wp-content\/uploads\/2022\/05\/image-2.png\" alt=\"\" width=\"211\" height=\"231\"\/><\/a><figcaption><strong>Elizabeth Oldham<br><\/strong>Trinity College Dublin<strong><br><\/strong><em>Computing in the Irish School Curriculum: What Can We Learn from a Fifty-Year Adventure?<\/em><\/figcaption><\/figure>\n<\/div><\/div>\n\n\n\n<div class=\"wp-block-column is-layout-flow wp-block-column-is-layout-flow\"><div class=\"wp-block-image\">\n<figure class=\"aligncenter is-resized\"><a href=\"https:\/\/iticse.acm.org\/2022\/attendees\/keynotes\/#Titus\"><img loading=\"lazy\" decoding=\"async\" src=\"https:\/\/iticse.acm.org\/2022\/wp-content\/uploads\/2022\/05\/image-3.png\" alt=\"\" width=\"220\" height=\"229\"\/><\/a><figcaption><strong><strong>Titus Winters<\/strong><br><\/strong>Principal Engineer at Google<br><em>The Gap Between Industry and CS Education<\/em><\/figcaption><\/figure>\n<\/div><\/div>\n\n\n\n<div class=\"wp-block-column is-layout-flow wp-block-column-is-layout-flow\"><div class=\"wp-block-image\">\n<figure class=\"aligncenter size-full is-resized\"><a href=\"https:\/\/iticse.acm.org\/2022\/attendees\/keynotes\/#Letizia\"><img loading=\"lazy\" decoding=\"async\" src=\"https:\/\/iticse.acm.org\/2022\/wp-content\/uploads\/2022\/05\/Letizia.png\" alt=\"\" class=\"wp-image-727\" width=\"231\" height=\"228\" srcset=\"https:\/\/iticse.acm.org\/2022\/wp-content\/uploads\/2022\/05\/Letizia.png 429w, https:\/\/iticse.acm.org\/2022\/wp-content\/uploads\/2022\/05\/Letizia-300x297.png 300w\" sizes=\"auto, (max-width: 231px) 100vw, 231px\" \/><\/a><figcaption><strong>Letizia Jaccheri<br><\/strong>Norwegian University of Science and Technology (NTNU)<strong><br><\/strong><em>Gender Issues in Computer Science Research, Education and Society<\/em><\/figcaption><\/figure>\n<\/div><\/div>\n<\/div>\n\n\n\n<hr class=\"wp-block-separator has-css-opacity\"\/>\n\n\n\n<div class=\"wp-block-columns is-layout-flex wp-container-core-columns-is-layout-9d6595d7 wp-block-columns-is-layout-flex\">\n<div class=\"wp-block-column is-layout-flow wp-block-column-is-layout-flow\">\n<figure class=\"wp-block-image size-large\"><a href=\"https:\/\/www.sigcse.org\/\"><img loading=\"lazy\" decoding=\"async\" width=\"949\" height=\"300\" src=\"https:\/\/iticse.acm.org\/2022\/wp-content\/uploads\/2021\/06\/SIGCSE-logo_home-1.jpg\" alt=\"\" class=\"wp-image-77\" srcset=\"https:\/\/iticse.acm.org\/2022\/wp-content\/uploads\/2021\/06\/SIGCSE-logo_home-1.jpg 949w, https:\/\/iticse.acm.org\/2022\/wp-content\/uploads\/2021\/06\/SIGCSE-logo_home-1-300x95.jpg 300w, https:\/\/iticse.acm.org\/2022\/wp-content\/uploads\/2021\/06\/SIGCSE-logo_home-1-768x243.jpg 768w\" sizes=\"auto, (max-width: 949px) 100vw, 949px\" \/><\/a><\/figure>\n<\/div>\n\n\n\n<div class=\"wp-block-column is-layout-flow wp-block-column-is-layout-flow\">\n<figure class=\"wp-block-image size-large\"><a href=\"https:\/\/europe.acm.org\/\"><img loading=\"lazy\" decoding=\"async\" width=\"220\" height=\"104\" src=\"https:\/\/iticse.acm.org\/2022\/wp-content\/uploads\/2021\/06\/acm-europe-logo.png\" alt=\"\" class=\"wp-image-78\"\/><\/a><\/figure>\n<\/div>\n\n\n\n<div class=\"wp-block-column is-layout-flow wp-block-column-is-layout-flow\">\n<figure class=\"wp-block-image size-large\"><a href=\"https:\/\/www.informatics-europe.org\/\"><img loading=\"lazy\" decoding=\"async\" width=\"223\" height=\"80\" src=\"https:\/\/iticse.acm.org\/2022\/wp-content\/uploads\/2021\/06\/logo-informatics-europe-80.png\" alt=\"\" class=\"wp-image-79\"\/><\/a><\/figure>\n<\/div>\n<\/div>\n\n\n\n<h2 class=\"has-text-align-center wp-block-heading\"><strong><a href=\"https:\/\/iticse.acm.org\/2022\/become-an-iticse-supporter\/\" data-type=\"URL\" data-id=\"https:\/\/iticse.acm.org\/2022\/become-an-iticse-supporter\/\">Supporters<\/a><\/strong><\/h2>\n\n\n\n<h2 class=\"has-text-align-center has-background wp-block-heading\" style=\"background-color:#ffd700\">Gold Supporters<\/h2>\n\n\n\n<div class=\"wp-block-columns is-layout-flex wp-container-core-columns-is-layout-9d6595d7 wp-block-columns-is-layout-flex\">\n<div class=\"wp-block-column is-layout-flow wp-block-column-is-layout-flow\">\n<figure class=\"wp-block-image size-large\"><img loading=\"lazy\" decoding=\"async\" width=\"1024\" height=\"189\" src=\"https:\/\/iticse.acm.org\/2022\/wp-content\/uploads\/2022\/05\/AWS-InCommunities-dark-1024x189.png\" alt=\"\" class=\"wp-image-604\" srcset=\"https:\/\/iticse.acm.org\/2022\/wp-content\/uploads\/2022\/05\/AWS-InCommunities-dark-1024x189.png 1024w, https:\/\/iticse.acm.org\/2022\/wp-content\/uploads\/2022\/05\/AWS-InCommunities-dark-300x55.png 300w, https:\/\/iticse.acm.org\/2022\/wp-content\/uploads\/2022\/05\/AWS-InCommunities-dark-768x142.png 768w, https:\/\/iticse.acm.org\/2022\/wp-content\/uploads\/2022\/05\/AWS-InCommunities-dark-1536x283.png 1536w, https:\/\/iticse.acm.org\/2022\/wp-content\/uploads\/2022\/05\/AWS-InCommunities-dark-2048x378.png 2048w\" sizes=\"auto, (max-width: 1024px) 100vw, 1024px\" \/><\/figure>\n<\/div>\n\n\n\n<div class=\"wp-block-column is-layout-flow wp-block-column-is-layout-flow\">\n<figure class=\"wp-block-image size-large\"><img loading=\"lazy\" decoding=\"async\" width=\"1024\" height=\"363\" src=\"https:\/\/iticse.acm.org\/2022\/wp-content\/uploads\/2022\/05\/logo_Google_FullColor_3x_830x271px.max-2800x2800-1-e1651874828895-1024x363.png\" alt=\"\" class=\"wp-image-705\" srcset=\"https:\/\/iticse.acm.org\/2022\/wp-content\/uploads\/2022\/05\/logo_Google_FullColor_3x_830x271px.max-2800x2800-1-e1651874828895-1024x363.png 1024w, https:\/\/iticse.acm.org\/2022\/wp-content\/uploads\/2022\/05\/logo_Google_FullColor_3x_830x271px.max-2800x2800-1-e1651874828895-300x106.png 300w, https:\/\/iticse.acm.org\/2022\/wp-content\/uploads\/2022\/05\/logo_Google_FullColor_3x_830x271px.max-2800x2800-1-e1651874828895-768x272.png 768w, https:\/\/iticse.acm.org\/2022\/wp-content\/uploads\/2022\/05\/logo_Google_FullColor_3x_830x271px.max-2800x2800-1-e1651874828895-1536x544.png 1536w, https:\/\/iticse.acm.org\/2022\/wp-content\/uploads\/2022\/05\/logo_Google_FullColor_3x_830x271px.max-2800x2800-1-e1651874828895-2048x726.png 2048w\" sizes=\"auto, (max-width: 1024px) 100vw, 1024px\" \/><\/figure>\n<\/div>\n\n\n\n<div class=\"wp-block-column is-layout-flow wp-block-column-is-layout-flow\">\n<figure class=\"wp-block-image size-full\"><img loading=\"lazy\" decoding=\"async\" width=\"990\" height=\"380\" src=\"https:\/\/iticse.acm.org\/2022\/wp-content\/uploads\/2022\/05\/gitlab-logo-gray-rgb.png\" alt=\"\" class=\"wp-image-792\" srcset=\"https:\/\/iticse.acm.org\/2022\/wp-content\/uploads\/2022\/05\/gitlab-logo-gray-rgb.png 990w, https:\/\/iticse.acm.org\/2022\/wp-content\/uploads\/2022\/05\/gitlab-logo-gray-rgb-300x115.png 300w, https:\/\/iticse.acm.org\/2022\/wp-content\/uploads\/2022\/05\/gitlab-logo-gray-rgb-768x295.png 768w\" sizes=\"auto, (max-width: 990px) 100vw, 990px\" \/><\/figure>\n<\/div>\n<\/div>\n\n\n\n<h2 class=\"has-text-align-center has-cyan-bluish-gray-background-color has-background wp-block-heading\">Silver Supporters<\/h2>\n\n\n\n<div class=\"wp-block-columns is-layout-flex wp-container-core-columns-is-layout-9d6595d7 wp-block-columns-is-layout-flex\">\n<div class=\"wp-block-column is-layout-flow wp-block-column-is-layout-flow\"><\/div>\n\n\n\n<div class=\"wp-block-column is-layout-flow wp-block-column-is-layout-flow\">\n<figure class=\"wp-block-image size-full\"><img loading=\"lazy\" decoding=\"async\" width=\"200\" height=\"100\" src=\"https:\/\/iticse.acm.org\/2022\/wp-content\/uploads\/2022\/05\/codegrade-200.png\" alt=\"\" class=\"wp-image-707\"\/><\/figure>\n<\/div>\n\n\n\n<div class=\"wp-block-column is-layout-flow wp-block-column-is-layout-flow\"><\/div>\n<\/div>\n\n\n\n<h2 class=\"has-text-align-center has-background wp-block-heading\" style=\"background-color:#cd7f32\">Bronze Supporters<\/h2>\n\n\n\n<div class=\"wp-block-columns is-layout-flex wp-container-core-columns-is-layout-9d6595d7 wp-block-columns-is-layout-flex\">\n<div class=\"wp-block-column is-layout-flow wp-block-column-is-layout-flow\"><\/div>\n\n\n\n<div class=\"wp-block-column is-layout-flow wp-block-column-is-layout-flow\">\n<figure class=\"wp-block-image size-full\"><img loading=\"lazy\" decoding=\"async\" width=\"544\" height=\"200\" src=\"https:\/\/iticse.acm.org\/2022\/wp-content\/uploads\/2022\/05\/microsoft-200.png\" alt=\"\" class=\"wp-image-708\" srcset=\"https:\/\/iticse.acm.org\/2022\/wp-content\/uploads\/2022\/05\/microsoft-200.png 544w, https:\/\/iticse.acm.org\/2022\/wp-content\/uploads\/2022\/05\/microsoft-200-300x110.png 300w\" sizes=\"auto, (max-width: 544px) 100vw, 544px\" \/><\/figure>\n<\/div>\n\n\n\n<div class=\"wp-block-column is-layout-flow wp-block-column-is-layout-flow\"><\/div>\n<\/div>\n\n\n\n<h2 class=\"has-text-align-center wp-block-heading\">Other Supporters<\/h2>\n\n\n\n<p><\/p>\n\n\n\n<div class=\"wp-block-columns is-layout-flex wp-container-core-columns-is-layout-9d6595d7 wp-block-columns-is-layout-flex\">\n<div class=\"wp-block-column is-layout-flow wp-block-column-is-layout-flow\">\n<figure class=\"wp-block-image size-full\"><img loading=\"lazy\" decoding=\"async\" width=\"400\" height=\"119\" src=\"https:\/\/iticse.acm.org\/2022\/wp-content\/uploads\/2022\/06\/image-1.png\" alt=\"\" class=\"wp-image-976\" srcset=\"https:\/\/iticse.acm.org\/2022\/wp-content\/uploads\/2022\/06\/image-1.png 400w, https:\/\/iticse.acm.org\/2022\/wp-content\/uploads\/2022\/06\/image-1-300x89.png 300w\" sizes=\"auto, (max-width: 400px) 100vw, 400px\" \/><\/figure>\n<\/div>\n\n\n\n<div class=\"wp-block-column is-layout-flow wp-block-column-is-layout-flow\">\n<figure class=\"wp-block-image size-large\"><img decoding=\"async\" src=\"https:\/\/cdn.shopify.com\/s\/files\/1\/1837\/8517\/collections\/7e9feb6d6c54614b64f2b1823a194609_251583ae-b7b9-4fdb-8898-4f9f4163d0d4.jpg?v=1517811811\" alt=\"\"\/><\/figure>\n<\/div>\n\n\n\n<div class=\"wp-block-column is-layout-flow wp-block-column-is-layout-flow\">\n<figure class=\"wp-block-image size-full\"><img loading=\"lazy\" decoding=\"async\" width=\"300\" height=\"112\" src=\"https:\/\/iticse.acm.org\/2022\/wp-content\/uploads\/2022\/06\/image-2.png\" alt=\"\" class=\"wp-image-978\"\/><\/figure>\n<\/div>\n<\/div>\n","protected":false},"excerpt":{"rendered":"<p>Please complete the evaluation form if you attended virtually or physically. The link is in the virtual conference platform and will also be emailed to&hellip;<\/p>\n","protected":false},"author":2,"featured_media":74,"parent":0,"menu_order":0,"comment_status":"closed","ping_status":"closed","template":"","meta":{"footnotes":""},"class_list":["post-73","page","type-page","status-publish","has-post-thumbnail","hentry"],"_links":{"self":[{"href":"https:\/\/iticse.acm.org\/2022\/wp-json\/wp\/v2\/pages\/73","targetHints":{"allow":["GET"]}}],"collection":[{"href":"https:\/\/iticse.acm.org\/2022\/wp-json\/wp\/v2\/pages"}],"about":[{"href":"https:\/\/iticse.acm.org\/2022\/wp-json\/wp\/v2\/types\/page"}],"author":[{"embeddable":true,"href":"https:\/\/iticse.acm.org\/2022\/wp-json\/wp\/v2\/users\/2"}],"replies":[{"embeddable":true,"href":"https:\/\/iticse.acm.org\/2022\/wp-json\/wp\/v2\/comments?post=73"}],"version-history":[{"count":67,"href":"https:\/\/iticse.acm.org\/2022\/wp-json\/wp\/v2\/pages\/73\/revisions"}],"predecessor-version":[{"id":1175,"href":"https:\/\/iticse.acm.org\/2022\/wp-json\/wp\/v2\/pages\/73\/revisions\/1175"}],"wp:featuredmedia":[{"embeddable":true,"href":"https:\/\/iticse.acm.org\/2022\/wp-json\/wp\/v2\/media\/74"}],"wp:attachment":[{"href":"https:\/\/iticse.acm.org\/2022\/wp-json\/wp\/v2\/media?parent=73"}],"curies":[{"name":"wp","href":"https:\/\/api.w.org\/{rel}","templated":true}]}}