{"id":22,"date":"2021-06-22T08:48:27","date_gmt":"2021-06-22T08:48:27","guid":{"rendered":"https:\/\/iticse.acm.org\/2022\/?page_id=22"},"modified":"2024-04-27T14:29:53","modified_gmt":"2024-04-27T14:29:53","slug":"conference-committee","status":"publish","type":"page","link":"https:\/\/iticse.acm.org\/2022\/conference-committee\/","title":{"rendered":"Conference Committee"},"content":{"rendered":"\n<h3 class=\"wp-block-heading\"><strong>Conference General Chairs<\/strong><\/h3>\n\n\n\n<ul class=\"wp-block-list\">\n<li><a href=\"https:\/\/people.ucd.ie\/brett.becker\">Brett A. Becker<\/a>, University College Dublin, Ireland<\/li>\n\n\n\n<li><a href=\"http:\/\/keithquille.com\/\">Keith Quille<\/a>, Technological University Dublin, Ireland<\/li>\n\n\n\n<li><a href=\"https:\/\/www.utu.fi\/en\/people\/mikko-jussi-laakso\" target=\"_blank\" rel=\"noreferrer noopener\">Mikko-Jussi Laakso<\/a>, University of Turku, Finland<\/li>\n<\/ul>\n\n\n\n<h3 class=\"wp-block-heading\"><strong>Program Chairs<\/strong><\/h3>\n\n\n\n<ul class=\"wp-block-list\">\n<li><a href=\"https:\/\/www.ru.nl\/english\/people\/barendsen-e\/\">Erik Barendsen<\/a>, Radboud University &amp; Open University, The Netherlands<\/li>\n\n\n\n<li><a href=\"https:\/\/www.newcastle.edu.au\/profile\/simon\">Simon<\/a>, Unaffiliated, Australia<\/li>\n<\/ul>\n\n\n\n<div class=\"wp-block-group\"><div class=\"wp-block-group__inner-container is-layout-flow wp-block-group-is-layout-flow\">\n<h3 class=\"wp-block-heading\"><strong>Local Organising Chairs<\/strong><\/h3>\n\n\n\n<ul class=\"wp-block-list\">\n<li><a href=\"https:\/\/lisda.ucd.ie\/pi\/\">Catherine Mooney<\/a>, University College Dublin, Ireland<\/li>\n\n\n\n<li><a href=\"https:\/\/www.maynoothuniversity.ie\/faculty-science-engineering\/our-people\/rosemary-monahan\">Rosemary Monahan<\/a>, Maynooth University, Ireland<\/li>\n<\/ul>\n\n\n\n<h2 class=\"wp-block-heading\">L<strong>ocal Organising Committee<\/strong><\/h2>\n\n\n\n<ul class=\"wp-block-list\">\n<li><a href=\"https:\/\/people.ucd.ie\/allen.higgins\">Allen Higgins<\/a>, University College Dublin, Ireland<\/li>\n\n\n\n<li><a href=\"https:\/\/www.tudublin.ie\/explore\/schools-and-disciplines\/science-and-health\/science--computing-tallaght\/people\/roisinfaherty.html\">Roisin Faherty<\/a>, Technological University Dublin, Ireland<\/li>\n\n\n\n<li><a href=\"https:\/\/www.tudublin.ie\/explore\/schools-and-disciplines\/science-and-health\/science--computing-tallaght\/people\/karennolan.html\">Karen Nolan<\/a>, Technological University Dublin, Ireland<\/li>\n\n\n\n<li><a href=\"https:\/\/www.maynoothuniversity.ie\/people\/aidan-mooney\">Aidan Mooney<\/a>, Maynooth University, Ireland<\/li>\n\n\n\n<li>Joe Dillane, University College Dublin &amp; IT Carlow, Ireland<\/li>\n<\/ul>\n\n\n\n<h4 class=\"wp-block-heading has-text-align-left\"><strong>Student and PostDoc Volunteers<\/strong><\/h4>\n\n\n\n<ul class=\"wp-block-list\">\n<li><a href=\"https:\/\/lisda.ucd.ie\/post-docs\/dr-anna-markella-antoniadi\/\">Anna Markella Antoniadi<\/a>, University College Dublin, Ireland<\/li>\n\n\n\n<li>Suad Alaofi, University College Dublin, Ireland<\/li>\n\n\n\n<li>Conor Sievwright, University College Dublin, Ireland<\/li>\n\n\n\n<li>Daniel Gallagher, University College Dublin, Ireland<\/li>\n\n\n\n<li>Adam Goodwin, University College Dublin, Irealnd<\/li>\n\n\n\n<li>Ioannis Karvelas, University College Dublin, Ireland<\/li>\n\n\n\n<li>Joyce Mahon, University College Dublin, Ireland<\/li>\n\n\n\n<li><a href=\"https:\/\/eddieantonio.ca\/\">Eddie Santos<\/a>, University College Dublin, Ireland<\/li>\n\n\n\n<li><a href=\"https:\/\/lisda.ucd.ie\/lan-wei\/\">Lan Wei<\/a>, University College Dublin, Ireland <\/li>\n<\/ul>\n<\/div><\/div>\n\n\n\n<h3 class=\"wp-block-heading\"><strong>Diversity Chair<\/strong><\/h3>\n\n\n\n<ul class=\"wp-block-list\">\n<li><a href=\"https:\/\/lisda.ucd.ie\/pi\/\">Catherine Mooney<\/a>, University College Dublin, Ireland<\/li>\n<\/ul>\n\n\n\n<h3 class=\"wp-block-heading\"><strong>Virtual Conference &amp; Community Coordinators<\/strong><\/h3>\n\n\n\n<ul class=\"wp-block-list\">\n<li>Bedour Alshaigy, Unaffiliated, UK<\/li>\n\n\n\n<li><a href=\"https:\/\/people.ucd.ie\/sean.russell\">Se\u00e1n Russell<\/a>, University College Dublin, Ireland<\/li>\n<\/ul>\n\n\n\n<h3 class=\"wp-block-heading\"><strong>Working Group Chairs<\/strong><\/h3>\n\n\n\n<ul class=\"wp-block-list\">\n<li><a href=\"http:\/\/keithquille.com\/\">Keith Quille<\/a>, Technological University Dublin, Ireland<\/li>\n\n\n\n<li>Bedour Alshaigy, TBC<\/li>\n<\/ul>\n\n\n\n<h3 class=\"wp-block-heading\"><strong>Submission Chairs<\/strong><\/h3>\n\n\n\n<ul class=\"wp-block-list\">\n<li><a href=\"https:\/\/cs.ccsu.edu\/~stan\/\">Stan Kurkovsky<\/a>, Central Connecticut State University, USA<\/li>\n\n\n\n<li><a href=\"https:\/\/www.hs-hannover.de\/service\/personenfinder\/person\/1000003082\/\">Carsten Kleiner<\/a>, Hannover University of Applied Sciences and Arts, Germany<\/li>\n<\/ul>\n\n\n\n<h3 class=\"wp-block-heading\"><strong>Treasurers\/Registrars<\/strong><\/h3>\n\n\n\n<ul class=\"wp-block-list\">\n<li><a href=\"https:\/\/www.cs.rit.edu\/~ptt\/\">Paul Tymann<\/a>, Rochester Institute of Technology, USA<\/li>\n\n\n\n<li><a href=\"https:\/\/blogs.acu.edu\/sitc\/project\/james-prather-instructor\/\">James Prather<\/a>, Abilene Christian University, USA<\/li>\n<\/ul>\n\n\n\n<h3 class=\"wp-block-heading\"><strong>Doctoral Consortium Chairs<\/strong><\/h3>\n\n\n\n<ul class=\"wp-block-list\">\n<li><a href=\"https:\/\/www.ddi.inf.uni-kiel.de\/en\/team\/prof-dr-andreas-muhling\" target=\"_blank\" rel=\"noreferrer noopener\">Andreas M\u00fchling<\/a>, Christian-Albrechts-Universit\u00e4t zu Kiel, Germany<\/li>\n\n\n\n<li><a href=\"https:\/\/raikes.unl.edu\/cooper\">Steve Cooper<\/a>, University of\u00a0Nebraska-Lincoln, USA<\/li>\n<\/ul>\n\n\n\n<h3 class=\"wp-block-heading\"><strong>Posters, Panels and Tips, Techniques &amp; Courseware Chairs<\/strong><\/h3>\n\n\n\n<ul class=\"wp-block-list\">\n<li><a href=\"https:\/\/ddi.cs.fau.de\/staff\/berges\/\">Marc Berges<\/a>, University of Erlangen\u2013Nuremberg, Germany<\/li>\n\n\n\n<li><a href=\"https:\/\/www.tudublin.ie\/explore\/schools-and-disciplines\/science-and-health\/science--computing-tallaght\/people\/keithnolan.html\">Keith Nolan<\/a>, Technological University Dublin, Ireland<\/li>\n<\/ul>\n\n\n\n<h3 class=\"wp-block-heading\"><strong>Proceedings Chairs<\/strong><\/h3>\n\n\n\n<ul class=\"wp-block-list\">\n<li><a href=\"https:\/\/www.gcu.ac.uk\/cebe\/staff\/jim%20paterson\/\">Jim Paterson<\/a>, Glasgow Caledonian University, UK<\/li>\n\n\n\n<li><a href=\"https:\/\/www.colorado.edu\/cmci\/people\/information-science\/lecia-barker\">Lecia Barker<\/a>, University of Colorado, Boulder, USA<\/li>\n<\/ul>\n\n\n\n<h3 class=\"wp-block-heading\"><strong>Evaluations<\/strong><\/h3>\n\n\n\n<ul class=\"wp-block-list\">\n<li><a href=\"https:\/\/www.mtu.edu\/cs\/department\/people\/faculty\/wallace\/\">Charles Wallace<\/a>, Michigan Technological University, USA<\/li>\n<\/ul>\n\n\n\n<h3 class=\"wp-block-heading\"><strong>Supporter Liaison<\/strong><\/h3>\n\n\n\n<ul class=\"wp-block-list\">\n<li><a href=\"http:\/\/keithquille.com\/\">Keith Quille<\/a>, Technological University Dublin, Ireland<\/li>\n<\/ul>\n\n\n\n<h3 class=\"wp-block-heading\"><strong>Web Page Coordinators<\/strong><\/h3>\n\n\n\n<ul class=\"wp-block-list\">\n<li><a href=\"https:\/\/www.usn.no\/om-usn\/kontakt-oss\/ansatte\/boban-vesin-article214892-6688.html\">Boban Vesin<\/a>, University of South-Eastern Norway, Norway (ITiCSE Website Coordinator)<\/li>\n\n\n\n<li><a href=\"https:\/\/www.tudublin.ie\/explore\/schools-and-disciplines\/science-and-health\/science--computing-tallaght\/people\/keithnolan.html\">Keith Nolan<\/a>, Technological University Dublin, Ireland (2022 Local Coordinator)<\/li>\n<\/ul>\n\n\n\n<h3 class=\"wp-block-heading\"><strong>Associate Program Chairs<\/strong><\/h3>\n\n\n\n<p>Ibrahim Albluwi, Meghan Allen, Ajay Bandi, Marc Berges, Dennis Bouvier, Kevin Buffardi, Michelle Craig, Quintin Cutts, James H. Davenport, Monica Divitini, Mohsen Dorodchi, Alan Fekete, Ge Gao, Andr\u00e9 Greubel, Steve Hadfield, Cruz Izu, Daniel Krutz, Violetta Lonati, Andrew Luxton-Reilly, Nicholas Lytle, David Malan, Thomas J Marlowe, Ma\u00edra Marques Samary, Gabriela Moise, Mattia Monga, Keith Nolan, James Paterson, Keith Quille, Akond Rahman, Guido R\u00f6\u00dfling, Kalpathi Subramanian, Cynthia Taylor, Ian Utting, Henry Walker, Charles Wallace, Daniel Zingaro<\/p>\n\n\n\n<h3 class=\"wp-block-heading\"><strong>Reviewers of full papers<\/strong><\/h3>\n\n\n\n<p>Aidawati Abd Rahman, Joshua Adams, Ashish Aggarwal, Marzieh Ahmadzadeh, Irfan Ahmed, Matthew Ahrens, Vangel Ajanovski, Kamil Akhuseyinoglu, Saleh Alhazbi, Saleh Alnaeli, Eman AlOmar, Iftekhar Anam, Sven Anderson, Barbara Anthony, Vaibhav Anu, Julio Bahamon, Lina Battestilli, Daniel Bauer, Patrice Belleville, Marta Beltran, Bradley Beth, Briana Bettin, Mireilla Bikanga Ada, William Billingsley, Andreas Bollin, Andrej Brodnik, Fran\u00e7ois Broquedis, Dennis Brylow, Robert Andrei Buchmann, Amanda Buddemeyer, Philip Sheridan Buffum, David Bunde, Andrew Cain, Virginia Carneiro de Paula, Janet Carter, Leandro Carvalho, Francisco Enrique Vicente Castro, Veronica Catete, Erin Cawley, Ma\u0142gorzata Charytanowicz, Qiong Cheng, Donald Chinn, Luca Chiodini, Christos Chytas, John Cigas, Drew Alex Clinkenbeard, Tiago Cogumbreiro, Steve Cooper, Lawrence D&#8217;Antonio, Anurag Dasgupta, Marian Daun, Rahmad Dawood, Sofia Margarita De Jesus, Adrian Deaconu, Josh Dehlinger, Leigh Ann Delyser, Dimitris Dranidis, Hanxiang Du, Bob Edmison, John Edwards, Stephen Edwards, Laila El-Hamamsy, Nuno Fachada, Ruth Farmery, Russell Feldhausen, Morgan Fong, Matthew Forshaw, Max Fowler, Allan Fowler, Gordon Fraser, Ilenia Fronza, Adam Gaweda, Paul Gestwicki, Nasser Giacaman, Richard Glassey, Bhuvana Gopal, Michael Gousie, Marco Aur\u00e9lio Graciotto Silva, Becky Grasser, Wouter Groeneveld, Juan Gutierrez-Cardenas, Mark Guzdial, Joanne Hall, Nadeem Hamid, James Harland, Mohammed Hassan, Taha Hassan, Carl C Haynes-Magyar, Arto Hellas, Joseph Edward Helsing, Nicole Herbert, Cay Horstmann, Fuqun Huang, Bowen Hui, Johan Jeuring, Bailey Kacsmar, Amanpreet Kapoor, Baghban Karimi, Oscar Karnalim, Maria Kasinidou, Beth Katz, Ayaan Kazerouni, Petros Kefalas, Hieke Keuning, Natalie Kiesler, Bradley Kjell, Anthony Kleerekoper, Tobias Kohn, Birgit Rognebakke Krogstie, Stephan Krusche, Bogdan Ksiezopolski, Mohammad Amin Kuhail, Viraj Kumar, Anastasia Kurdia, Zachary Kurmas, Clifton Kussmaul, Lisa Lacher, Dieter Landes, Michael Lang, David Largent, Norman Tiong Seng Lee, Juho Leinonen, Zilu Liang, Michael Liut, Emily Lovell, Ana Paula Ludtke Ferreira, Manuel Maarek, Joseph Maguire, Suleman Mahmood, Mirko Marras, William Mason, Bruce Maxwell, Lester McCann, Sean Mcculloch, Charlie Mcdowell, Brian McSkimming, Andrew Meads, Ant\u00f3nio Mendes, Xiannong Meng, Laurence D Merkle, Jose Carlos Metrolho, Razvan Mezei, Paul Mihail, Michael Miljanovic, Craig S Miller, Marius Minea, Mia Minnes, Aidan Mooney, Srikanth Mudigonda, Line Have Musaeus, Michael Neumann, Christopher Nitta, Eldanae Nogueira Teixeira, Emma Norling, Michael R Nowak, Irawan Nurhas, Carolyn Oates, TJ OConnor, Angela Orebaugh, Linda Ott, Eng Lieh Ouh, Youngki Park, Miranda Parker, Sylvia Perez-Hardy, Andrew Petersen, W Michael Petullo, Marcelo Pias, Brian Plancher, Jo\u00ebl Porquet-Lupine, Prajish Prasad, Dapeng Qu, Ricardo Queir\u00f3s, Saquib Razak, Jake Renzella, Alexander Repenning, Stefan A Robila, Michael Robson, Rodrigo Rocha, Luiz Antonio Lima Rodrigues, Nicole Ronald, Sean Russell, Adrian Rusu, Vivek Sabanwar, Afonso Sales, Mario Sanchez, Aamod Sane, Andr\u00e9 Santos, Clemens Sauerwein, Stephanie Schwartz, Manuel Selva, Camelia Serban, Carolyn Seton, Mark Sherriff, Yang Shi, Yasuto Shirai, Jane Sinclair, Vanja Slavuj, Krassen Stefanov, Darren Strash, Sven Strickroth, Michael Striewe, Claudia Szabo, Anya Tafliovich, Toni Taipalus, Cara Tang, Ella Taylor-Smith, Lynda Thomas, Neena Thota, Manoj Thulasidas, Jennifer Tsan, Erno Vanhala, Tullio Vardanega, J \u00c1ngel Vel\u00e1zquez-Iturbide, Andreea Vescan, Giovanni Vincenti, David Voorhees, Sally Wahba, Monica Ward, Josh Weese, Linda Werner, Eric Wiebe, Ayana A Wild, Emily Rowan Winter, Gunnar Eyal Wolf Iszaevich, Chris Wong, Wensheng Wu, Peter Yau, Jones Yu, Ke Zhang, Larry Yueli Zhang, Li Zhang, Yong Zheng<\/p>\n\n\n\n<h3 class=\"wp-block-heading\">Supplementary reviewers<\/h3>\n\n\n\n<p>Bita Akram, Justice Banson, Marjahan Begum, Miguel Calvo Matalobos, Rodrigo Duran, Nickolas Falkner, Mohammed Farghally, Wanda Kunkle, Robert Law, Zhigang Li, Jingsai Liang, Chao Mbogo, Mohamed Wiem Mkaouer, Yang Song, Bimlesh Wadhwa, Jayce Warner, Burkhard W\u00fcnsche, Lisa Zhang<\/p>\n\n\n\n<h3 class=\"wp-block-heading\"><strong>Reviewers of short submissions<\/strong><\/h3>\n\n\n\n<p>Joshua Adams, Alireza Ahadi, David Bunde, Janet Carter, Chen Chen, Adrian Deaconu, Martin Dick, Stacy Doore, Oumaima El Hassani, Rutwa Engineer, Nuno Fachada, Roisin Faherty, Russell Feldhausen, Daniel Fokum, Juan Gutierrez-Cardenas, Mohammed Hassan, Danijela Jaksic, Lynette Johns-Boast, Sebastian Krings, Veronica Liesaputra, Thomas J Marlowe, Bruce Maxwell, Brian McSkimming, Piotr Milczarski, Rosemary Monahan, Norzilah Musa, Trevor Nesbit, Michael R. Nowak, Angela Orebaugh, Nicole Ronald, Guido R\u00f6\u00dfling, Sean Russell, Sebastian Serth, Yasuto Shirai, Oleg Sychev, Henry Walker, Ayana A. Wild, Nikki Williams, Angela Zavaleta Bernuy, Carter Zenke, Ke Zhang<\/p>\n","protected":false},"excerpt":{"rendered":"<p>Conference General Chairs Program Chairs Local Organising Chairs Local Organising Committee Student and PostDoc Volunteers Diversity Chair Virtual Conference &amp; Community Coordinators Working Group Chairs&hellip;<\/p>\n","protected":false},"author":2,"featured_media":0,"parent":0,"menu_order":0,"comment_status":"closed","ping_status":"closed","template":"","meta":{"footnotes":""},"class_list":["post-22","page","type-page","status-publish","hentry"],"_links":{"self":[{"href":"https:\/\/iticse.acm.org\/2022\/wp-json\/wp\/v2\/pages\/22","targetHints":{"allow":["GET"]}}],"collection":[{"href":"https:\/\/iticse.acm.org\/2022\/wp-json\/wp\/v2\/pages"}],"about":[{"href":"https:\/\/iticse.acm.org\/2022\/wp-json\/wp\/v2\/types\/page"}],"author":[{"embeddable":true,"href":"https:\/\/iticse.acm.org\/2022\/wp-json\/wp\/v2\/users\/2"}],"replies":[{"embeddable":true,"href":"https:\/\/iticse.acm.org\/2022\/wp-json\/wp\/v2\/comments?post=22"}],"version-history":[{"count":62,"href":"https:\/\/iticse.acm.org\/2022\/wp-json\/wp\/v2\/pages\/22\/revisions"}],"predecessor-version":[{"id":1191,"href":"https:\/\/iticse.acm.org\/2022\/wp-json\/wp\/v2\/pages\/22\/revisions\/1191"}],"wp:attachment":[{"href":"https:\/\/iticse.acm.org\/2022\/wp-json\/wp\/v2\/media?parent=22"}],"curies":[{"name":"wp","href":"https:\/\/api.w.org\/{rel}","templated":true}]}}