{"id":18,"date":"2021-06-22T08:47:43","date_gmt":"2021-06-22T08:47:43","guid":{"rendered":"https:\/\/iticse.acm.org\/2022\/?page_id=18"},"modified":"2022-05-04T13:48:31","modified_gmt":"2022-05-04T13:48:31","slug":"attendees","status":"publish","type":"page","link":"https:\/\/iticse.acm.org\/2022\/attendees\/","title":{"rendered":"Attendees"},"content":{"rendered":"\n<h1 class=\"has-text-align-center wp-block-heading\">C\u00e9ad m\u00edle f\u00e1ilte!<\/h1>\n\n\n\n<p><strong>ITiCSE registration <\/strong>will be opening soon. The Steering and Organising Committees are working on final details, including the hybrid format. Thank you for your patience and check back soon! <\/p>\n\n\n\n<p>While you are here, you can start planning, and getting excited! <\/p>\n\n\n\n<p>July is one of the best months to visit Ireland with daily high temperatures around 19\u00b0C (that&#8217;s 66\u00b0F for our American friends) and rarely falling below 15\u00b0C (59\u00b0F) or exceeding 22\u00b0C (72\u00b0F). Yep &#8211; average temperature is t-shirt weather and rarely gets into fleece territory, and not even close to sweltering! That being said, it does rain around 10 days every July. Shoes that can deal with a little water, an umbrella, a hat, sunglasses, and a light rain jacket or fleece are good to bring, and keep relatively nearby on most days. <\/p>\n","protected":false},"excerpt":{"rendered":"<p>C\u00e9ad m\u00edle f\u00e1ilte! ITiCSE registration will be opening soon. The Steering and Organising Committees are working on final details, including the hybrid format. Thank you&hellip;<\/p>\n","protected":false},"author":2,"featured_media":0,"parent":0,"menu_order":0,"comment_status":"closed","ping_status":"closed","template":"","meta":{"footnotes":""},"class_list":["post-18","page","type-page","status-publish","hentry"],"_links":{"self":[{"href":"https:\/\/iticse.acm.org\/2022\/wp-json\/wp\/v2\/pages\/18","targetHints":{"allow":["GET"]}}],"collection":[{"href":"https:\/\/iticse.acm.org\/2022\/wp-json\/wp\/v2\/pages"}],"about":[{"href":"https:\/\/iticse.acm.org\/2022\/wp-json\/wp\/v2\/types\/page"}],"author":[{"embeddable":true,"href":"https:\/\/iticse.acm.org\/2022\/wp-json\/wp\/v2\/users\/2"}],"replies":[{"embeddable":true,"href":"https:\/\/iticse.acm.org\/2022\/wp-json\/wp\/v2\/comments?post=18"}],"version-history":[{"count":11,"href":"https:\/\/iticse.acm.org\/2022\/wp-json\/wp\/v2\/pages\/18\/revisions"}],"predecessor-version":[{"id":920,"href":"https:\/\/iticse.acm.org\/2022\/wp-json\/wp\/v2\/pages\/18\/revisions\/920"}],"wp:attachment":[{"href":"https:\/\/iticse.acm.org\/2022\/wp-json\/wp\/v2\/media?parent=18"}],"curies":[{"name":"wp","href":"https:\/\/api.w.org\/{rel}","templated":true}]}}